{"id":9,"date":"2020-10-14T20:30:05","date_gmt":"2020-10-14T23:30:05","guid":{"rendered":"http:\/\/muylaertkok.com.site-oficial.ws\/?page_id=9"},"modified":"2025-06-05T11:11:51","modified_gmt":"2025-06-05T14:11:51","slug":"o-escritorio","status":"publish","type":"page","link":"https:\/\/muylaertkok.com.br\/en\/","title":{"rendered":"O Escrit\u00f3rio"},"content":{"rendered":"<p>Fundado em 1988 por Eduardo Muylaert e Mary Livingston, o escrit\u00f3rio Muylaert, Kok, Noal e Queiroz Advogados conta hoje com mais tr\u00eas s\u00f3cios: Sylas Kok Ribeiro, desde 1992; Alexandre Daiuto Le\u00e3o Noal, desde 2006 e Pedro Henrique Menezes Queiroz, a partir de 2010.<\/p>\n<p>O escrit\u00f3rio tem como caracter\u00edsticas principais, desde o in\u00edcio, a dedica\u00e7\u00e3o pessoal e artesanal dos advogados, que trabalham em colabora\u00e7\u00e3o entre si e com advogados de outras \u00e1reas, principalmente com o jur\u00eddico interno de empresas ou advogados de clientes que os representam em casos n\u00e3o criminais.<\/p>\n<p>Nos dedicamos exclusivamente \u00e0 Advocacia Criminal, nos segmentos consultivo e contencioso.<\/p>\n<p>A consultoria criminal abrange orienta\u00e7\u00e3o, preven\u00e7\u00e3o, an\u00e1lise de riscos, opini\u00e3o legal, aux\u00edlio em elabora\u00e7\u00e3o de c\u00f3digos de conduta e de conformidade (compliance), dentre outras. Os trabalhos acompanham as inova\u00e7\u00f5es legislativas, no Brasil e no exterior, especialmente leis de lavagem de dinheiro, anticorrup\u00e7\u00e3o e de compliance.<\/p>\n<p>Na \u00e1rea contenciosa, o escrit\u00f3rio tem como enfoque a atua\u00e7\u00e3o criminal no Direito Penal Econ\u00f4mico, que abrange casos de crimes contra o Sistema Financeiro Nacional, crimes contra a ordem tribut\u00e1ria, contra a ordem econ\u00f4mica (cartel), crimes contra o consumidor, crimes contra a propriedade industrial (marcas, patentes, concorr\u00eancia desleal e etc), crimes ambientais, lavagem de dinheiro, antitruste e concorr\u00eancia desleal. Tamb\u00e9m representa v\u00edtimas, com pedidos de instaura\u00e7\u00e3o de inqu\u00e9rito policial ou atuando como Assistente de Acusa\u00e7\u00e3o em a\u00e7\u00f5es penais.<\/p>\n<p>Nesses quase 30 anos de advocacia criminal, o Escrit\u00f3rio Muylaert, Livingston e Kok Advogados representa clientes de v\u00e1rios segmentos econ\u00f4micos, inclusive institui\u00e7\u00f5es financeiras nacionais e estrangeiras, grupos econ\u00f4micos multinacionais, emissoras de R\u00e1dio e Televis\u00e3o, imprensa escrita, empresas de transporte, turismo, construtoras, sucroalcooleiras, produtoras e fabricantes de alimentos, hipermercados, dentre outros.<\/p>\n<p>Embora atue em casos de grande repercuss\u00e3o, o escrit\u00f3rio privilegia a discri\u00e7\u00e3o, sigilo e respeito \u00e0 privacidade e intimidade dos clientes. O escrit\u00f3rio tem figurado entre os mais admirados na advocacia criminal pelas principais avalia\u00e7\u00f5es do segmento, sempre com refer\u00eancias nas publica\u00e7\u00f5es da An\u00e1lise Advocacia e Chambers &#038; Partners Latin America.<\/p>\n","protected":false},"excerpt":{"rendered":"<p>Fundado em 1988 por Eduardo Muylaert e Mary Livingston, o escrit\u00f3rio Muylaert, Kok, Noal e Queiroz Advogados conta hoje com mais tr\u00eas s\u00f3cios: Sylas Kok Ribeiro, desde 1992; Alexandre Daiuto Le\u00e3o Noal, desde 2006 e Pedro Henrique Menezes Queiroz, a partir de 2010. O escrit\u00f3rio tem como caracter\u00edsticas principais, desde o in\u00edcio, a dedica\u00e7\u00e3o pessoal &hellip; <a href=\"https:\/\/muylaertkok.com.br\/en\/\" class=\"more-link\">Continue reading <span class=\"screen-reader-text\">O Escrit\u00f3rio<\/span><\/a><\/p>\n","protected":false},"author":1,"featured_media":50,"parent":0,"menu_order":0,"comment_status":"closed","ping_status":"closed","template":"","meta":[],"acf":[],"yoast_head":"<!-- This site is optimized with the Yoast SEO plugin v19.3 - https:\/\/yoast.com\/wordpress\/plugins\/seo\/ -->\n<title>Muylaert, Kok, Noal e Queiroz Advogados<\/title>\n<meta name=\"robots\" content=\"index, follow, max-snippet:-1, max-image-preview:large, max-video-preview:-1\" \/>\n<link rel=\"canonical\" href=\"https:\/\/muylaertkok.com.br\/en\/\" \/>\n<meta property=\"og:locale\" content=\"en_US\" \/>\n<meta property=\"og:locale:alternate\" content=\"pt_BR\" \/>\n<meta property=\"og:type\" content=\"article\" \/>\n<meta property=\"og:title\" content=\"Muylaert, Kok, Noal e Queiroz Advogados\" \/>\n<meta property=\"og:description\" content=\"Fundado em 1988 por Eduardo Muylaert e Mary Livingston, o escrit\u00f3rio Muylaert, Kok, Noal e Queiroz Advogados conta hoje com mais tr\u00eas s\u00f3cios: Sylas Kok Ribeiro, desde 1992; Alexandre Daiuto Le\u00e3o Noal, desde 2006 e Pedro Henrique Menezes Queiroz, a partir de 2010. O escrit\u00f3rio tem como caracter\u00edsticas principais, desde o in\u00edcio, a dedica\u00e7\u00e3o pessoal &hellip; Continue reading O Escrit\u00f3rio\" \/>\n<meta property=\"og:url\" content=\"https:\/\/muylaertkok.com.br\/en\/\" \/>\n<meta property=\"og:site_name\" content=\"Muylaert, Kok, Noal e Queiroz Advogados\" \/>\n<meta property=\"article:modified_time\" content=\"2025-06-05T14:11:51+00:00\" \/>\n<meta property=\"og:image\" content=\"https:\/\/muylaertkok.com.br\/wp-content\/uploads\/2020\/10\/topo-somos.jpg\" \/>\n\t<meta property=\"og:image:width\" content=\"1024\" \/>\n\t<meta property=\"og:image:height\" content=\"439\" \/>\n\t<meta property=\"og:image:type\" content=\"image\/jpeg\" \/>\n<meta name=\"twitter:card\" content=\"summary_large_image\" \/>\n<meta name=\"twitter:label1\" content=\"Est. reading time\" \/>\n\t<meta name=\"twitter:data1\" content=\"2 minutes\" \/>\n<script type=\"application\/ld+json\" class=\"yoast-schema-graph\">{\"@context\":\"https:\/\/schema.org\",\"@graph\":[{\"@type\":\"Organization\",\"@id\":\"https:\/\/muylaertkok.com.br\/#organization\",\"name\":\"Muylaert, Kok, Noal e Queiroz Advogados\",\"url\":\"https:\/\/muylaertkok.com.br\/\",\"sameAs\":[],\"logo\":{\"@type\":\"ImageObject\",\"inLanguage\":\"en-US\",\"@id\":\"https:\/\/muylaertkok.com.br\/#\/schema\/logo\/image\/\",\"url\":\"https:\/\/muylaertkok.com.br\/wp-content\/uploads\/2020\/10\/cropped-logo-site.png\",\"contentUrl\":\"https:\/\/muylaertkok.com.br\/wp-content\/uploads\/2020\/10\/cropped-logo-site.png\",\"width\":248,\"height\":55,\"caption\":\"Muylaert, Kok, Noal e Queiroz Advogados\"},\"image\":{\"@id\":\"https:\/\/muylaertkok.com.br\/#\/schema\/logo\/image\/\"}},{\"@type\":\"WebSite\",\"@id\":\"https:\/\/muylaertkok.com.br\/#website\",\"url\":\"https:\/\/muylaertkok.com.br\/\",\"name\":\"Muylaert, Kok, Noal e Queiroz Advogados\",\"description\":\"\",\"publisher\":{\"@id\":\"https:\/\/muylaertkok.com.br\/#organization\"},\"potentialAction\":[{\"@type\":\"SearchAction\",\"target\":{\"@type\":\"EntryPoint\",\"urlTemplate\":\"https:\/\/muylaertkok.com.br\/?s={search_term_string}\"},\"query-input\":\"required name=search_term_string\"}],\"inLanguage\":\"en-US\"},{\"@type\":\"ImageObject\",\"inLanguage\":\"en-US\",\"@id\":\"https:\/\/muylaertkok.com.br\/en\/#primaryimage\",\"url\":\"https:\/\/muylaertkok.com.br\/wp-content\/uploads\/2020\/10\/topo-somos.jpg\",\"contentUrl\":\"https:\/\/muylaertkok.com.br\/wp-content\/uploads\/2020\/10\/topo-somos.jpg\",\"width\":1024,\"height\":439},{\"@type\":\"WebPage\",\"@id\":\"https:\/\/muylaertkok.com.br\/en\/\",\"url\":\"https:\/\/muylaertkok.com.br\/en\/\",\"name\":\"Muylaert, Kok, Noal e Queiroz Advogados\",\"isPartOf\":{\"@id\":\"https:\/\/muylaertkok.com.br\/#website\"},\"primaryImageOfPage\":{\"@id\":\"https:\/\/muylaertkok.com.br\/en\/#primaryimage\"},\"datePublished\":\"2020-10-14T23:30:05+00:00\",\"dateModified\":\"2025-06-05T14:11:51+00:00\",\"breadcrumb\":{\"@id\":\"https:\/\/muylaertkok.com.br\/en\/#breadcrumb\"},\"inLanguage\":\"en-US\",\"potentialAction\":[{\"@type\":\"ReadAction\",\"target\":[\"https:\/\/muylaertkok.com.br\/en\/\"]}]},{\"@type\":\"BreadcrumbList\",\"@id\":\"https:\/\/muylaertkok.com.br\/en\/#breadcrumb\",\"itemListElement\":[{\"@type\":\"ListItem\",\"position\":1,\"name\":\"In\u00edcio\",\"item\":\"https:\/\/muylaertkok.com.br\/en\/\"},{\"@type\":\"ListItem\",\"position\":2,\"name\":\"O Escrit\u00f3rio\"}]}]}<\/script>\n<!-- \/ Yoast SEO plugin. -->","yoast_head_json":{"title":"Muylaert, Kok, Noal e Queiroz Advogados","robots":{"index":"index","follow":"follow","max-snippet":"max-snippet:-1","max-image-preview":"max-image-preview:large","max-video-preview":"max-video-preview:-1"},"canonical":"https:\/\/muylaertkok.com.br\/en\/","og_locale":"en_US","og_type":"article","og_title":"Muylaert, Kok, Noal e Queiroz Advogados","og_description":"Fundado em 1988 por Eduardo Muylaert e Mary Livingston, o escrit\u00f3rio Muylaert, Kok, Noal e Queiroz Advogados conta hoje com mais tr\u00eas s\u00f3cios: Sylas Kok Ribeiro, desde 1992; Alexandre Daiuto Le\u00e3o Noal, desde 2006 e Pedro Henrique Menezes Queiroz, a partir de 2010. O escrit\u00f3rio tem como caracter\u00edsticas principais, desde o in\u00edcio, a dedica\u00e7\u00e3o pessoal &hellip; Continue reading O Escrit\u00f3rio","og_url":"https:\/\/muylaertkok.com.br\/en\/","og_site_name":"Muylaert, Kok, Noal e Queiroz Advogados","article_modified_time":"2025-06-05T14:11:51+00:00","og_image":[{"width":1024,"height":439,"url":"https:\/\/muylaertkok.com.br\/wp-content\/uploads\/2020\/10\/topo-somos.jpg","type":"image\/jpeg"}],"twitter_card":"summary_large_image","twitter_misc":{"Est. reading time":"2 minutes"},"schema":{"@context":"https:\/\/schema.org","@graph":[{"@type":"Organization","@id":"https:\/\/muylaertkok.com.br\/#organization","name":"Muylaert, Kok, Noal e Queiroz Advogados","url":"https:\/\/muylaertkok.com.br\/","sameAs":[],"logo":{"@type":"ImageObject","inLanguage":"en-US","@id":"https:\/\/muylaertkok.com.br\/#\/schema\/logo\/image\/","url":"https:\/\/muylaertkok.com.br\/wp-content\/uploads\/2020\/10\/cropped-logo-site.png","contentUrl":"https:\/\/muylaertkok.com.br\/wp-content\/uploads\/2020\/10\/cropped-logo-site.png","width":248,"height":55,"caption":"Muylaert, Kok, Noal e Queiroz Advogados"},"image":{"@id":"https:\/\/muylaertkok.com.br\/#\/schema\/logo\/image\/"}},{"@type":"WebSite","@id":"https:\/\/muylaertkok.com.br\/#website","url":"https:\/\/muylaertkok.com.br\/","name":"Muylaert, Kok, Noal e Queiroz Advogados","description":"","publisher":{"@id":"https:\/\/muylaertkok.com.br\/#organization"},"potentialAction":[{"@type":"SearchAction","target":{"@type":"EntryPoint","urlTemplate":"https:\/\/muylaertkok.com.br\/?s={search_term_string}"},"query-input":"required name=search_term_string"}],"inLanguage":"en-US"},{"@type":"ImageObject","inLanguage":"en-US","@id":"https:\/\/muylaertkok.com.br\/en\/#primaryimage","url":"https:\/\/muylaertkok.com.br\/wp-content\/uploads\/2020\/10\/topo-somos.jpg","contentUrl":"https:\/\/muylaertkok.com.br\/wp-content\/uploads\/2020\/10\/topo-somos.jpg","width":1024,"height":439},{"@type":"WebPage","@id":"https:\/\/muylaertkok.com.br\/en\/","url":"https:\/\/muylaertkok.com.br\/en\/","name":"Muylaert, Kok, Noal e Queiroz Advogados","isPartOf":{"@id":"https:\/\/muylaertkok.com.br\/#website"},"primaryImageOfPage":{"@id":"https:\/\/muylaertkok.com.br\/en\/#primaryimage"},"datePublished":"2020-10-14T23:30:05+00:00","dateModified":"2025-06-05T14:11:51+00:00","breadcrumb":{"@id":"https:\/\/muylaertkok.com.br\/en\/#breadcrumb"},"inLanguage":"en-US","potentialAction":[{"@type":"ReadAction","target":["https:\/\/muylaertkok.com.br\/en\/"]}]},{"@type":"BreadcrumbList","@id":"https:\/\/muylaertkok.com.br\/en\/#breadcrumb","itemListElement":[{"@type":"ListItem","position":1,"name":"In\u00edcio","item":"https:\/\/muylaertkok.com.br\/en\/"},{"@type":"ListItem","position":2,"name":"O Escrit\u00f3rio"}]}]}},"_links":{"self":[{"href":"https:\/\/muylaertkok.com.br\/en\/wp-json\/wp\/v2\/pages\/9"}],"collection":[{"href":"https:\/\/muylaertkok.com.br\/en\/wp-json\/wp\/v2\/pages"}],"about":[{"href":"https:\/\/muylaertkok.com.br\/en\/wp-json\/wp\/v2\/types\/page"}],"author":[{"embeddable":true,"href":"https:\/\/muylaertkok.com.br\/en\/wp-json\/wp\/v2\/users\/1"}],"replies":[{"embeddable":true,"href":"https:\/\/muylaertkok.com.br\/en\/wp-json\/wp\/v2\/comments?post=9"}],"version-history":[{"count":21,"href":"https:\/\/muylaertkok.com.br\/en\/wp-json\/wp\/v2\/pages\/9\/revisions"}],"predecessor-version":[{"id":183,"href":"https:\/\/muylaertkok.com.br\/en\/wp-json\/wp\/v2\/pages\/9\/revisions\/183"}],"wp:featuredmedia":[{"embeddable":true,"href":"https:\/\/muylaertkok.com.br\/en\/wp-json\/wp\/v2\/media\/50"}],"wp:attachment":[{"href":"https:\/\/muylaertkok.com.br\/en\/wp-json\/wp\/v2\/media?parent=9"}],"curies":[{"name":"wp","href":"https:\/\/api.w.org\/{rel}","templated":true}]}}